{"id":157,"date":"2021-08-22T16:15:34","date_gmt":"2021-08-22T14:15:34","guid":{"rendered":"https:\/\/le-chat-solitaire.com\/?page_id=157"},"modified":"2021-08-28T11:43:22","modified_gmt":"2021-08-28T09:43:22","slug":"jeux-de-plateau-solo","status":"publish","type":"page","link":"https:\/\/le-chat-solitaire.com\/index.php\/jeux-de-plateau-solo\/","title":{"rendered":"Jeux de plateau solo"},"content":{"rendered":"\n<p class=\"has-black-color has-text-color has-medium-font-size\">Vous vous trouvez actuellement \u00e0 une intersection menant \u00e0 diff\u00e9rentes cavernes.<\/p>\n\n\n\n<p>S&rsquo;il s&rsquo;agit de votre premi\u00e8re visite sur le site, je vous recommande la caverne suivante :<\/p>\n\n\n\n<div class=\"wp-block-buttons is-layout-flex wp-block-buttons-is-layout-flex\">\n<div class=\"wp-block-button\"><a class=\"wp-block-button__link\" href=\"https:\/\/le-chat-solitaire.com\/index.php\/avant-toute-chose\/\">Avant toute chose<\/a><\/div>\n<\/div>\n\n\n\n<p>Sinon, trois autres choix s&rsquo;offrent \u00e0 vous :<\/p>\n\n\n\n<div class=\"wp-block-buttons is-layout-flex wp-block-buttons-is-layout-flex\">\n<div class=\"wp-block-button is-style-fill\"><a class=\"wp-block-button__link\" href=\"https:\/\/le-chat-solitaire.com\/index.php\/category\/critiques-de-jeux\/\">Critiques de jeux<\/a><\/div>\n\n\n\n<div class=\"wp-block-button is-style-fill\"><a class=\"wp-block-button__link\" href=\"https:\/\/le-chat-solitaire.com\/index.php\/category\/aide-strategies\/\">Aide &amp; strat\u00e9gie<\/a><\/div>\n\n\n\n<div class=\"wp-block-button is-style-fill\"><a class=\"wp-block-button__link\" href=\"https:\/\/le-chat-solitaire.com\/index.php\/category\/articles-divers\/\">Articles divers<\/a><\/div>\n<\/div>\n\n\n\n<p>Mais si vous pr\u00e9f\u00e9rez avoir acc\u00e8s \u00e0 la liste compl\u00e8te des articles, rendez-vous ici :<\/p>\n\n\n\n<div class=\"wp-block-buttons is-layout-flex wp-block-buttons-is-layout-flex\">\n<div class=\"wp-block-button\"><a class=\"wp-block-button__link\" href=\"https:\/\/le-chat-solitaire.com\/index.php\/tous-les-articles\/\">Tous les articles<\/a><\/div>\n<\/div>\n\n\n\n<p>Dans le cas o\u00f9 vous vous perdriez, ne vous inqui\u00e9tez pas : il y a suffisamment de jeux dans les cavernes pour vous amuser toute une vie !<\/p>\n","protected":false},"excerpt":{"rendered":"<p>Vous vous trouvez actuellement \u00e0 une intersection menant \u00e0 diff\u00e9rentes cavernes. S&rsquo;il s&rsquo;agit de votre premi\u00e8re visite sur le site, je vous recommande la caverne suivante : Sinon, trois autres choix s&rsquo;offrent \u00e0 vous : Mais si vous pr\u00e9f\u00e9rez avoir acc\u00e8s \u00e0 la liste compl\u00e8te des articles, rendez-vous ici : [&hellip;]<\/p>\n","protected":false},"author":1,"featured_media":0,"parent":0,"menu_order":0,"comment_status":"closed","ping_status":"closed","template":"","meta":{"_monsterinsights_skip_tracking":false,"_monsterinsights_sitenote_active":false,"_monsterinsights_sitenote_note":"","_monsterinsights_sitenote_category":0,"footnotes":""},"class_list":["post-157","page","type-page","status-publish","hentry"],"aioseo_notices":[],"_links":{"self":[{"href":"https:\/\/le-chat-solitaire.com\/index.php\/wp-json\/wp\/v2\/pages\/157","targetHints":{"allow":["GET"]}}],"collection":[{"href":"https:\/\/le-chat-solitaire.com\/index.php\/wp-json\/wp\/v2\/pages"}],"about":[{"href":"https:\/\/le-chat-solitaire.com\/index.php\/wp-json\/wp\/v2\/types\/page"}],"author":[{"embeddable":true,"href":"https:\/\/le-chat-solitaire.com\/index.php\/wp-json\/wp\/v2\/users\/1"}],"replies":[{"embeddable":true,"href":"https:\/\/le-chat-solitaire.com\/index.php\/wp-json\/wp\/v2\/comments?post=157"}],"version-history":[{"count":7,"href":"https:\/\/le-chat-solitaire.com\/index.php\/wp-json\/wp\/v2\/pages\/157\/revisions"}],"predecessor-version":[{"id":472,"href":"https:\/\/le-chat-solitaire.com\/index.php\/wp-json\/wp\/v2\/pages\/157\/revisions\/472"}],"wp:attachment":[{"href":"https:\/\/le-chat-solitaire.com\/index.php\/wp-json\/wp\/v2\/media?parent=157"}],"curies":[{"name":"wp","href":"https:\/\/api.w.org\/{rel}","templated":true}]}}