{"id":1520,"date":"2022-08-13T12:21:11","date_gmt":"2022-08-13T10:21:11","guid":{"rendered":"https:\/\/le-chat-solitaire.com\/?page_id=1520"},"modified":"2022-08-13T12:21:12","modified_gmt":"2022-08-13T10:21:12","slug":"coin-creation","status":"publish","type":"page","link":"https:\/\/le-chat-solitaire.com\/index.php\/coin-creation\/","title":{"rendered":"Coin cr\u00e9ation"},"content":{"rendered":"\n<p>Quand on contemple toutes les merveilles ludiques, litt\u00e9raires, cin\u00e9matographiques, dessin\u00e9es et j&rsquo;en passe, on ne peut qu&rsquo;\u00eatre reconnaissant envers les cr\u00e9ateurs qui ins\u00e8rent un peu de couleur dans notre quotidien.<\/p>\n\n\n\n<p>Et parfois, il nous arrive de vouloir se joindre \u00e0 eux, car on a aussi quelque chose \u00e0 dire ou transmettre. Du coup, on agrippe son crayon, sa plume ou son ordinateur, et on se met au boulot, en esp\u00e9rant atteindre notre cible.<\/p>\n\n\n\n<p>Cette section me permettra donc de partager avec vous mes cr\u00e9ations du quotidien. Pas s\u00fbr qu&rsquo;elles soient toutes \u00e9blouissantes ou fassent mouche, mais elles proviennent d&rsquo;\u00e9motions sinc\u00e8res. Aussi, j&rsquo;esp\u00e8re qu&rsquo;elles vous apporteront distraction.<\/p>\n\n\n\n<p>Je pr\u00e9cise que cette section comportera un peu de hors-sujet puisque tout n&rsquo;y est pas relatif au jeu.<\/p>\n\n\n\n<p>Voici ce que je voudrais partager avec vous :<\/p>\n\n\n\n<ul class=\"wp-block-list\"><li>Des jeux (en solo)<\/li><li>Des Livres Dont Vous \u00cates Le H\u00e9ros<\/li><li>Des histoires<\/li><li>Des dessins<\/li><\/ul>\n\n\n\n<div class=\"wp-block-media-text alignwide is-stacked-on-mobile\" style=\"grid-template-columns:15% auto\"><figure class=\"wp-block-media-text__media\"><img loading=\"lazy\" decoding=\"async\" width=\"494\" height=\"735\" src=\"http:\/\/le-chat-solitaire.com\/wp-content\/uploads\/2022\/05\/Sinatrash-bordure.png\" alt=\"\" class=\"wp-image-1388 size-full\" srcset=\"https:\/\/le-chat-solitaire.com\/wp-content\/uploads\/2022\/05\/Sinatrash-bordure.png 494w, https:\/\/le-chat-solitaire.com\/wp-content\/uploads\/2022\/05\/Sinatrash-bordure-202x300.png 202w\" sizes=\"auto, (max-width: 494px) 100vw, 494px\" \/><\/figure><div class=\"wp-block-media-text__content\">\n<p class=\"has-text-color has-medium-font-size\" style=\"color:#0188d9\">\u00ab\u00a0Et moi, je vous montrerai les photos des monstres que je pulv\u00e9rise et que je reconstruis diff\u00e9remment avec les membres tranch\u00e9s !\u00a0\u00bb <\/p>\n<\/div><\/div>\n\n\n\n<div class=\"wp-block-media-text alignwide has-media-on-the-right is-stacked-on-mobile\" style=\"grid-template-columns:auto 15%\"><figure class=\"wp-block-media-text__media\"><img loading=\"lazy\" decoding=\"async\" width=\"494\" height=\"735\" src=\"http:\/\/le-chat-solitaire.com\/wp-content\/uploads\/2022\/05\/Keuroline-bordure.png\" alt=\"\" class=\"wp-image-1387 size-full\" srcset=\"https:\/\/le-chat-solitaire.com\/wp-content\/uploads\/2022\/05\/Keuroline-bordure.png 494w, https:\/\/le-chat-solitaire.com\/wp-content\/uploads\/2022\/05\/Keuroline-bordure-202x300.png 202w\" sizes=\"auto, (max-width: 494px) 100vw, 494px\" \/><\/figure><div class=\"wp-block-media-text__content\">\n<p class=\"has-text-color has-medium-font-size\" style=\"color:#c70000\">\u00ab\u00a0Oui mais non, Sina&#8230; Va plut\u00f4t rouvrir le livre de po\u00e9sie que je t&rsquo;ai offert pour les vacances d&rsquo;\u00e9t\u00e9 !\u00a0\u00bb<\/p>\n<\/div><\/div>\n","protected":false},"excerpt":{"rendered":"<p>Quand on contemple toutes les merveilles ludiques, litt\u00e9raires, cin\u00e9matographiques, dessin\u00e9es et j&rsquo;en passe, on ne peut qu&rsquo;\u00eatre reconnaissant envers les cr\u00e9ateurs qui ins\u00e8rent un peu de couleur dans notre quotidien. Et parfois, il nous arrive de vouloir se joindre \u00e0 eux, car on a aussi quelque chose \u00e0 dire ou [&hellip;]<\/p>\n","protected":false},"author":1,"featured_media":0,"parent":0,"menu_order":0,"comment_status":"closed","ping_status":"closed","template":"","meta":{"_monsterinsights_skip_tracking":false,"_monsterinsights_sitenote_active":false,"_monsterinsights_sitenote_note":"","_monsterinsights_sitenote_category":0,"footnotes":""},"class_list":["post-1520","page","type-page","status-publish","hentry"],"aioseo_notices":[],"_links":{"self":[{"href":"https:\/\/le-chat-solitaire.com\/index.php\/wp-json\/wp\/v2\/pages\/1520","targetHints":{"allow":["GET"]}}],"collection":[{"href":"https:\/\/le-chat-solitaire.com\/index.php\/wp-json\/wp\/v2\/pages"}],"about":[{"href":"https:\/\/le-chat-solitaire.com\/index.php\/wp-json\/wp\/v2\/types\/page"}],"author":[{"embeddable":true,"href":"https:\/\/le-chat-solitaire.com\/index.php\/wp-json\/wp\/v2\/users\/1"}],"replies":[{"embeddable":true,"href":"https:\/\/le-chat-solitaire.com\/index.php\/wp-json\/wp\/v2\/comments?post=1520"}],"version-history":[{"count":1,"href":"https:\/\/le-chat-solitaire.com\/index.php\/wp-json\/wp\/v2\/pages\/1520\/revisions"}],"predecessor-version":[{"id":1521,"href":"https:\/\/le-chat-solitaire.com\/index.php\/wp-json\/wp\/v2\/pages\/1520\/revisions\/1521"}],"wp:attachment":[{"href":"https:\/\/le-chat-solitaire.com\/index.php\/wp-json\/wp\/v2\/media?parent=1520"}],"curies":[{"name":"wp","href":"https:\/\/api.w.org\/{rel}","templated":true}]}}